{"id":72,"date":"2021-04-30T20:37:43","date_gmt":"2021-04-30T18:37:43","guid":{"rendered":"https:\/\/zirkuswunder.ch\/?page_id=72"},"modified":"2023-03-31T21:06:33","modified_gmt":"2023-03-31T19:06:33","slug":"aktuell","status":"publish","type":"page","link":"https:\/\/zirkuswunder.ch\/","title":{"rendered":"Aktuell"},"content":{"rendered":"\n<p>Der Kinderzirkus Wunderplunder macht wieder Halt im Br\u00fcnnenpark. Wir freuen uns bereits jetzt auf die tolle Ferienwoche!<\/p>\n\n\n\n<p>Dank grosser finanzieller Unterst\u00fctzung der Stadt Bern k\u00f6nnen wir das \u00e4usserst beliebte Angebot auch in diesem Jahr wieder durchf\u00fchren. Die Tarifstruktur wurde neu den Einkommensverh\u00e4ltnissen angepasst. Familien in bescheidenen finanziellen Verh\u00e4ltnissen k\u00f6nnen zus\u00e4tzlich entlastet werden.<\/p>\n\n\n\n<p><em><strong>Anmeldung f\u00fcr die Ferienwoche im Br\u00fcnnenpark<\/strong><\/em><\/p>\n\n\n\n<p>Die Anmeldung f\u00fcr die kommende Zirkuswoche vom 17. bis 21. Juli 2023 ist ab dem 24. April an der Infostelle des Quartierzentrums Tscharnergut m\u00f6glich.  <br>Mo &#8211; Fr : 12 bis 18 Uhr \/ 031 991 70 55<\/p>\n\n\n\n<p><strong><em>Kosten<\/em><\/strong><\/p>\n\n\n\n<p>Familien mit Pr\u00e4mienverbilligungen : Fr. 20.-, weitere Geschwister je Fr. 10.- <sup>1)<\/sup> Geringverdienende ohne Pr\u00e4mienverbilligungen : Fr. 80.-, weitere Geschwister je Fr. 60.- <sup>2)<\/sup>       Normaltarif : Fr. 120.-, weitere Geschwister je Fr. 80.-<\/p>\n\n\n\n<p><sup>1) Subventionierung durch die Stadt Bern<\/sup>   <br><sup>2) Subventionierung durch private Spenden<\/sup>    <br><\/p>\n\n\n\n<p><em><strong>Infos zum Ablauf der Ferienwoche<\/strong><\/em><\/p>\n\n\n\n<div class=\"wp-block-file\"><a id=\"wp-block-file--media-04d58132-28ea-4609-bbc7-9bc3267ada89\" href=\"https:\/\/zirkuswunder.ch\/wp-content\/uploads\/2023\/03\/Wochenplan-2023-3.pdf\">Wochenplan-2023<\/a><a href=\"https:\/\/zirkuswunder.ch\/wp-content\/uploads\/2023\/03\/Wochenplan-2023-3.pdf\" class=\"wp-block-file__button\" download aria-describedby=\"wp-block-file--media-04d58132-28ea-4609-bbc7-9bc3267ada89\">Herunterladen<\/a><\/div>\n\n\n\n<p><\/p>\n","protected":false},"excerpt":{"rendered":"<p>Der Kinderzirkus Wunderplunder macht wieder Halt im Br\u00fcnnenpark. Wir freuen uns bereits jetzt auf die tolle Ferienwoche! Dank grosser finanzieller &hellip; <a href=\"https:\/\/zirkuswunder.ch\/\" class=\"more-link\"><span class=\"more-button\">Continue Reading<span class=\"screen-reader-text\">Aktuell<\/span><\/span><\/a><\/p>\n","protected":false},"author":3,"featured_media":0,"parent":0,"menu_order":0,"comment_status":"closed","ping_status":"closed","template":"","meta":[],"_links":{"self":[{"href":"https:\/\/zirkuswunder.ch\/index.php?rest_route=\/wp\/v2\/pages\/72"}],"collection":[{"href":"https:\/\/zirkuswunder.ch\/index.php?rest_route=\/wp\/v2\/pages"}],"about":[{"href":"https:\/\/zirkuswunder.ch\/index.php?rest_route=\/wp\/v2\/types\/page"}],"author":[{"embeddable":true,"href":"https:\/\/zirkuswunder.ch\/index.php?rest_route=\/wp\/v2\/users\/3"}],"replies":[{"embeddable":true,"href":"https:\/\/zirkuswunder.ch\/index.php?rest_route=%2Fwp%2Fv2%2Fcomments&post=72"}],"version-history":[{"count":18,"href":"https:\/\/zirkuswunder.ch\/index.php?rest_route=\/wp\/v2\/pages\/72\/revisions"}],"predecessor-version":[{"id":177,"href":"https:\/\/zirkuswunder.ch\/index.php?rest_route=\/wp\/v2\/pages\/72\/revisions\/177"}],"wp:attachment":[{"href":"https:\/\/zirkuswunder.ch\/index.php?rest_route=%2Fwp%2Fv2%2Fmedia&parent=72"}],"curies":[{"name":"wp","href":"https:\/\/api.w.org\/{rel}","templated":true}]}}