{"id":6,"date":"2020-07-25T18:27:09","date_gmt":"2020-07-25T18:27:09","guid":{"rendered":"http:\/\/localhost:8080\/?page_id=6"},"modified":"2020-07-25T18:27:09","modified_gmt":"2020-07-25T18:27:09","slug":"warum-ein-verein","status":"publish","type":"page","link":"https:\/\/zirkuswunder.ch\/?page_id=6","title":{"rendered":"Warum ein Verein?"},"content":{"rendered":"\n<p>Durch die Gr\u00fcndung eines Vereins haben wir die M\u00f6glichkeit mit der Stadt Bern einen Leistungsvertrag abzuschliessen. Dieser und die j\u00e4hrlichen Mitgliederbeitr\u00e4ge bieten uns eine <strong>finanzielle Absicherung der Zirkuswoche \u00abWunderplunder\u00bb in Bern West.<\/strong><\/p>\n","protected":false},"excerpt":{"rendered":"<p>Durch die Gr\u00fcndung eines Vereins haben wir die M\u00f6glichkeit mit der Stadt Bern einen Leistungsvertrag abzuschliessen. Dieser und die j\u00e4hrlichen &hellip; <a href=\"https:\/\/zirkuswunder.ch\/?page_id=6\" class=\"more-link\"><span class=\"more-button\">Continue Reading<span class=\"screen-reader-text\">Warum ein Verein?<\/span><\/span><\/a><\/p>\n","protected":false},"author":1,"featured_media":0,"parent":0,"menu_order":0,"comment_status":"closed","ping_status":"closed","template":"","meta":[],"_links":{"self":[{"href":"https:\/\/zirkuswunder.ch\/index.php?rest_route=\/wp\/v2\/pages\/6"}],"collection":[{"href":"https:\/\/zirkuswunder.ch\/index.php?rest_route=\/wp\/v2\/pages"}],"about":[{"href":"https:\/\/zirkuswunder.ch\/index.php?rest_route=\/wp\/v2\/types\/page"}],"author":[{"embeddable":true,"href":"https:\/\/zirkuswunder.ch\/index.php?rest_route=\/wp\/v2\/users\/1"}],"replies":[{"embeddable":true,"href":"https:\/\/zirkuswunder.ch\/index.php?rest_route=%2Fwp%2Fv2%2Fcomments&post=6"}],"version-history":[{"count":1,"href":"https:\/\/zirkuswunder.ch\/index.php?rest_route=\/wp\/v2\/pages\/6\/revisions"}],"predecessor-version":[{"id":7,"href":"https:\/\/zirkuswunder.ch\/index.php?rest_route=\/wp\/v2\/pages\/6\/revisions\/7"}],"wp:attachment":[{"href":"https:\/\/zirkuswunder.ch\/index.php?rest_route=%2Fwp%2Fv2%2Fmedia&parent=6"}],"curies":[{"name":"wp","href":"https:\/\/api.w.org\/{rel}","templated":true}]}}