{"id":2,"date":"2020-07-25T18:22:03","date_gmt":"2020-07-25T18:22:03","guid":{"rendered":"http:\/\/localhost:8080\/?page_id=2"},"modified":"2020-07-25T18:44:52","modified_gmt":"2020-07-25T18:44:52","slug":"sample-page","status":"publish","type":"page","link":"https:\/\/zirkuswunder.ch\/?page_id=2","title":{"rendered":"Was wollen wir?"},"content":{"rendered":"\n<p>Der Theaterzirkus Wunderplunder kommt seit Jahren in den Br\u00fcnnenpark, um eine Erlebniswoche f\u00fcr die Kinder aus dem Berner Westen zu veranstalten. Die Strahlkraft dieser Woche ist jeweils gross und zeigt das Bed\u00fcrfnis nach einer langfristigen Durchf\u00fchrung.<\/p>\n\n\n\n<p>Eine Zirkuswoche kostet rund Fr.13\u2019800.-. Bei der maximalen Teilnahme von 60 Kindern und Jugendlichen ergibt das pro Person eine Teilnahmegeb\u00fchr von Fr.230.-. Das ist f\u00fcr viele Familien zu teuer.<\/p>\n\n\n\n<p>Um <strong>bezahlbare Teilnahmegeb\u00fchren<\/strong> anbieten zu k\u00f6nnen, brauchen wir Unterst\u00fctzungsbeitr\u00e4ge von Sponsoren und G\u00f6nnern.<\/p>\n\n\n\n<p>Das Fundraising ist schwierig und jedes Jahr ist lange unklar: reicht es &#8211; reicht es nicht? Eine M\u00f6glichkeit f\u00fcr einen j\u00e4hrlich wiederkehrenden festen Frankenbetrag sehen wir in einem Leistungsvertrag mit der Stadt Bern.<\/p>\n","protected":false},"excerpt":{"rendered":"<p>Der Theaterzirkus Wunderplunder kommt seit Jahren in den Br\u00fcnnenpark, um eine Erlebniswoche f\u00fcr die Kinder aus dem Berner Westen zu &hellip; <a href=\"https:\/\/zirkuswunder.ch\/?page_id=2\" class=\"more-link\"><span class=\"more-button\">Continue Reading<span class=\"screen-reader-text\">Was wollen wir?<\/span><\/span><\/a><\/p>\n","protected":false},"author":1,"featured_media":0,"parent":0,"menu_order":0,"comment_status":"closed","ping_status":"open","template":"","meta":[],"_links":{"self":[{"href":"https:\/\/zirkuswunder.ch\/index.php?rest_route=\/wp\/v2\/pages\/2"}],"collection":[{"href":"https:\/\/zirkuswunder.ch\/index.php?rest_route=\/wp\/v2\/pages"}],"about":[{"href":"https:\/\/zirkuswunder.ch\/index.php?rest_route=\/wp\/v2\/types\/page"}],"author":[{"embeddable":true,"href":"https:\/\/zirkuswunder.ch\/index.php?rest_route=\/wp\/v2\/users\/1"}],"replies":[{"embeddable":true,"href":"https:\/\/zirkuswunder.ch\/index.php?rest_route=%2Fwp%2Fv2%2Fcomments&post=2"}],"version-history":[{"count":2,"href":"https:\/\/zirkuswunder.ch\/index.php?rest_route=\/wp\/v2\/pages\/2\/revisions"}],"predecessor-version":[{"id":18,"href":"https:\/\/zirkuswunder.ch\/index.php?rest_route=\/wp\/v2\/pages\/2\/revisions\/18"}],"wp:attachment":[{"href":"https:\/\/zirkuswunder.ch\/index.php?rest_route=%2Fwp%2Fv2%2Fmedia&parent=2"}],"curies":[{"name":"wp","href":"https:\/\/api.w.org\/{rel}","templated":true}]}}